{"id":2853,"date":"2024-06-04T10:19:50","date_gmt":"2024-06-04T08:19:50","guid":{"rendered":"https:\/\/www.neurobioklinik.com\/?page_id=2853"},"modified":"2024-06-04T10:25:18","modified_gmt":"2024-06-04T08:25:18","slug":"biofeedback","status":"publish","type":"page","link":"https:\/\/www.neurobioklinik.com\/en\/biofeedback\/","title":{"rendered":"Biofeedback"},"content":{"rendered":"<div id=\"Biofeedback\" class=\"wp-block-uagb-container uagb-layout-grid uagb-block-a680040c alignfull uagb-is-root-container\"><div class=\"uagb-container-inner-blocks-wrap\">\n<p style=\"padding-top:var(--wp--preset--spacing--40);padding-right:var(--wp--preset--spacing--40);padding-bottom:var(--wp--preset--spacing--40);padding-left:var(--wp--preset--spacing--40)\">When our brain and body are out of balance, sometimes psychological treatment alone is not enough to correct this. After being exposed to high levels of stress, our brain can become over-stimulated, leading to difficulty sleeping or an inability to return to a calm state. If we are exhausted or have difficulty concentrating, it can be hard to activate our nervous system, no matter how hard we try. Biofeedback works directly with specific biophysical variables in the body by regulating breathing and heart variability or by measuring activity indicators such as skin conductance or temperature. Neurofeedback, or brain biofeedback, regulates and adjusts brain activity using data from the EEG (electroencephalogram) or blood flow in the brain.<\/p>\n\n\n\n<p style=\"padding-top:var(--wp--preset--spacing--40);padding-right:var(--wp--preset--spacing--40);padding-bottom:var(--wp--preset--spacing--40);padding-left:var(--wp--preset--spacing--40)\">Treatments<br><br>These treatments allow direct work on these parameters without the person having to undergo any kind of analysis, changes or verbal therapy. Some biofeedback systems are specifically designed to treat certain problems (bruxism, etc.). They can also be helpful for a wide range of medical problems, including:<br><br>- Severe controlled hypertension<br><br>- Fibromyalgia<br><br>- Irritable bowel<br><br>- asthma<br><br>- Epilepsy<br><br>- And many more<\/p>\n<\/div><\/div>","protected":false},"excerpt":{"rendered":"<p>N\u00e4r v\u00e5r hj\u00e4rna och kropp \u00e4r i obalans kan ibland psykologisk behandling ensam inte r\u00e4cka till f\u00f6r att r\u00e4tta till detta. Efter att ha utsatts f\u00f6r h\u00f6ga stressniv\u00e5er kan v\u00e5r hj\u00e4rna bli \u00f6verstimulerad, vilket leder till s\u00f6mnsv\u00e5righeter eller of\u00f6rm\u00e5ga att \u00e5terg\u00e5 till ett lugnt tillst\u00e5nd. Om vi \u00e4r utmattade eller har sv\u00e5rt att koncentrera oss [&hellip;]<\/p>\n","protected":false},"author":1,"featured_media":0,"parent":0,"menu_order":0,"comment_status":"closed","ping_status":"closed","template":"","meta":{"_uag_custom_page_level_css":"","site-sidebar-layout":"default","site-content-layout":"","ast-site-content-layout":"default","site-content-style":"default","site-sidebar-style":"default","ast-global-header-display":"","ast-banner-title-visibility":"","ast-main-header-display":"","ast-hfb-above-header-display":"","ast-hfb-below-header-display":"","ast-hfb-mobile-header-display":"","site-post-title":"","ast-breadcrumbs-content":"","ast-featured-img":"","footer-sml-layout":"","theme-transparent-header-meta":"","adv-header-id-meta":"","stick-header-meta":"","header-above-stick-meta":"","header-main-stick-meta":"","header-below-stick-meta":"","astra-migrate-meta-layouts":"set","ast-page-background-enabled":"default","ast-page-background-meta":{"desktop":{"background-color":"var(--ast-global-color-4)","background-image":"","background-repeat":"repeat","background-position":"center center","background-size":"auto","background-attachment":"scroll","background-type":"","background-media":"","overlay-type":"","overlay-color":"","overlay-gradient":""},"tablet":{"background-color":"","background-image":"","background-repeat":"repeat","background-position":"center center","background-size":"auto","background-attachment":"scroll","background-type":"","background-media":"","overlay-type":"","overlay-color":"","overlay-gradient":""},"mobile":{"background-color":"","background-image":"","background-repeat":"repeat","background-position":"center center","background-size":"auto","background-attachment":"scroll","background-type":"","background-media":"","overlay-type":"","overlay-color":"","overlay-gradient":""}},"ast-content-background-meta":{"desktop":{"background-color":"var(--ast-global-color-5)","background-image":"","background-repeat":"repeat","background-position":"center center","background-size":"auto","background-attachment":"scroll","background-type":"","background-media":"","overlay-type":"","overlay-color":"","overlay-gradient":""},"tablet":{"background-color":"var(--ast-global-color-5)","background-image":"","background-repeat":"repeat","background-position":"center center","background-size":"auto","background-attachment":"scroll","background-type":"","background-media":"","overlay-type":"","overlay-color":"","overlay-gradient":""},"mobile":{"background-color":"var(--ast-global-color-5)","background-image":"","background-repeat":"repeat","background-position":"center center","background-size":"auto","background-attachment":"scroll","background-type":"","background-media":"","overlay-type":"","overlay-color":"","overlay-gradient":""}},"_kadence_starter_templates_imported_post":false,"footnotes":""},"uagb_featured_image_src":{"full":false,"thumbnail":false,"medium":false,"medium_large":false,"large":false,"1536x1536":false,"2048x2048":false,"trp-custom-language-flag":false},"uagb_author_info":{"display_name":"Annika","author_link":"https:\/\/www.neurobioklinik.com\/en\/author\/annika\/"},"uagb_comment_info":0,"uagb_excerpt":"N\u00e4r v\u00e5r hj\u00e4rna och kropp \u00e4r i obalans kan ibland psykologisk behandling ensam inte r\u00e4cka till f\u00f6r att r\u00e4tta till detta. Efter att ha utsatts f\u00f6r h\u00f6ga stressniv\u00e5er kan v\u00e5r hj\u00e4rna bli \u00f6verstimulerad, vilket leder till s\u00f6mnsv\u00e5righeter eller of\u00f6rm\u00e5ga att \u00e5terg\u00e5 till ett lugnt tillst\u00e5nd. Om vi \u00e4r utmattade eller har sv\u00e5rt att koncentrera oss&hellip;","_links":{"self":[{"href":"https:\/\/www.neurobioklinik.com\/en\/wp-json\/wp\/v2\/pages\/2853"}],"collection":[{"href":"https:\/\/www.neurobioklinik.com\/en\/wp-json\/wp\/v2\/pages"}],"about":[{"href":"https:\/\/www.neurobioklinik.com\/en\/wp-json\/wp\/v2\/types\/page"}],"author":[{"embeddable":true,"href":"https:\/\/www.neurobioklinik.com\/en\/wp-json\/wp\/v2\/users\/1"}],"replies":[{"embeddable":true,"href":"https:\/\/www.neurobioklinik.com\/en\/wp-json\/wp\/v2\/comments?post=2853"}],"version-history":[{"count":2,"href":"https:\/\/www.neurobioklinik.com\/en\/wp-json\/wp\/v2\/pages\/2853\/revisions"}],"predecessor-version":[{"id":2860,"href":"https:\/\/www.neurobioklinik.com\/en\/wp-json\/wp\/v2\/pages\/2853\/revisions\/2860"}],"wp:attachment":[{"href":"https:\/\/www.neurobioklinik.com\/en\/wp-json\/wp\/v2\/media?parent=2853"}],"curies":[{"name":"wp","href":"https:\/\/api.w.org\/{rel}","templated":true}]}}